{"id":14951,"date":"2021-09-09T13:51:14","date_gmt":"2021-09-09T11:51:14","guid":{"rendered":"https:\/\/openmet-xc.whads.com\/contacta\/"},"modified":"2021-11-15T14:55:55","modified_gmt":"2021-11-15T12:55:55","slug":"contacta","status":"publish","type":"page","link":"https:\/\/openmet-xc.whads.com\/ca\/contacta\/","title":{"rendered":"Contacta"},"content":{"rendered":"\n<div class=\"wp-block-getwid-section has-inner-blocks-gap-none getwid-margin-top-none getwid-section-content-full-width\" style=\"margin-bottom:80px\"><div class=\"wp-block-getwid-section__wrapper getwid-padding-top-none getwid-padding-bottom-none getwid-padding-left-none getwid-padding-right-none getwid-margin-left-none getwid-margin-right-none getwid-justify-content-flex-start\"><div class=\"wp-block-getwid-section__inner-wrapper\"><div class=\"wp-block-getwid-section__background-holder\"><div class=\"wp-block-getwid-section__background\"><\/div><div class=\"wp-block-getwid-section__foreground\"><\/div><\/div><div class=\"wp-block-getwid-section__content\"><div class=\"wp-block-getwid-section__inner-content\">\n<div class=\"wp-block-media-text alignwide has-media-on-the-right is-stacked-on-mobile is-vertically-aligned-bottom\" style=\"grid-template-columns:auto 40%\"><figure class=\"wp-block-media-text__media\"><img decoding=\"async\" width=\"385\" height=\"295\" src=\"https:\/\/openmet-xc.whads.com\/wp-content\/uploads\/2021\/09\/contact.svg\" alt=\"contacta\" class=\"wp-image-14090 size-full\"\/><\/figure><div class=\"wp-block-media-text__content\">\n<div class=\"wp-block-group\"><div class=\"wp-block-group__inner-container is-layout-flow wp-block-group-is-layout-flow\">\n<p class=\"openmet-badge\">Openmet Group<\/p>\n<\/div><\/div>\n\n\n\n<h1 class=\"font-weight-bolder pr-5 has-huge-font-size wp-block-heading\">Com et podem ajudar?<\/h1>\n\n\n\n<p class=\"pr-5 pt-2 font-weight-light large-line-height\"><\/p>\n\n\n\n<p class=\"has-text-color has-medium-font-size\" style=\"color:#0d99cc\"><strong>Per qu\u00e8 no comencem?<\/strong> Contacta avui mateix<\/p>\n<\/div><\/div>\n<\/div><\/div><\/div><\/div><\/div>\n\n\n\n<div class=\"wpcf7 no-js\" id=\"wpcf7-f15927-o1\" lang=\"ca\" dir=\"ltr\" data-wpcf7-id=\"15927\">\n<div class=\"screen-reader-response\"><p role=\"status\" aria-live=\"polite\" aria-atomic=\"true\"><\/p> <ul><\/ul><\/div>\n<form action=\"\/ca\/wp-json\/wp\/v2\/pages\/14951#wpcf7-f15927-o1\" method=\"post\" class=\"wpcf7-form init contactform wpcf7-acceptance-as-validation\" aria-label=\"Formulari de contacte\" novalidate=\"novalidate\" data-status=\"init\">\n<fieldset class=\"hidden-fields-container\"><input type=\"hidden\" name=\"_wpcf7\" value=\"15927\" \/><input type=\"hidden\" name=\"_wpcf7_version\" value=\"6.1.5\" \/><input type=\"hidden\" name=\"_wpcf7_locale\" value=\"ca\" \/><input type=\"hidden\" name=\"_wpcf7_unit_tag\" value=\"wpcf7-f15927-o1\" \/><input type=\"hidden\" name=\"_wpcf7_container_post\" value=\"0\" \/><input type=\"hidden\" name=\"_wpcf7_posted_data_hash\" value=\"\" \/><input type=\"hidden\" name=\"_wpcf7_recaptcha_response\" value=\"\" \/>\n<\/fieldset>\n<p><span class=\"wpcf7-form-control-wrap\" data-name=\"your-name\"><input size=\"40\" maxlength=\"400\" class=\"wpcf7-form-control wpcf7-text wpcf7-validates-as-required\" aria-required=\"true\" aria-invalid=\"false\" placeholder=\"Nom i cognoms*\" value=\"\" type=\"text\" name=\"your-name\" \/><\/span>\n<\/p>\n<p><span class=\"wpcf7-form-control-wrap\" data-name=\"your-cargo\"><input size=\"40\" maxlength=\"400\" class=\"wpcf7-form-control wpcf7-text wpcf7-validates-as-required\" aria-required=\"true\" aria-invalid=\"false\" placeholder=\"C\u00e0rrec*\" value=\"\" type=\"text\" name=\"your-cargo\" \/><\/span>\n<\/p>\n<p><span class=\"wpcf7-form-control-wrap\" data-name=\"your-empresa\"><input size=\"40\" maxlength=\"400\" class=\"wpcf7-form-control wpcf7-text wpcf7-validates-as-required\" aria-required=\"true\" aria-invalid=\"false\" placeholder=\"Empresa*\" value=\"\" type=\"text\" name=\"your-empresa\" \/><\/span>\n<\/p>\n<p><span class=\"wpcf7-form-control-wrap\" data-name=\"your-telf\"><input size=\"40\" maxlength=\"400\" class=\"wpcf7-form-control wpcf7-text wpcf7-validates-as-required\" aria-required=\"true\" aria-invalid=\"false\" placeholder=\"Tel\u00e8fon*\" value=\"\" type=\"text\" name=\"your-telf\" \/><\/span>\n<\/p>\n<p><span class=\"wpcf7-form-control-wrap\" data-name=\"your-email\"><input size=\"40\" maxlength=\"400\" class=\"wpcf7-form-control wpcf7-email wpcf7-validates-as-required wpcf7-text wpcf7-validates-as-email\" aria-required=\"true\" aria-invalid=\"false\" placeholder=\"Email*\" value=\"\" type=\"email\" name=\"your-email\" \/><\/span>\n<\/p>\n<p><span class=\"wpcf7-form-control-wrap\" data-name=\"your-country\"><input size=\"40\" maxlength=\"400\" class=\"wpcf7-form-control wpcf7-text wpcf7-validates-as-required\" aria-required=\"true\" aria-invalid=\"false\" placeholder=\"Pa\u00eds*\" value=\"\" type=\"text\" name=\"your-country\" \/><\/span>\n<\/p>\n<p><span class=\"wpcf7-form-control-wrap\" data-name=\"your-message\"><textarea cols=\"40\" rows=\"10\" maxlength=\"2000\" class=\"wpcf7-form-control wpcf7-textarea\" aria-invalid=\"false\" placeholder=\"Missatge\" name=\"your-message\"><\/textarea><\/span>\n<\/p>\n<div class=\"acceptance\">\n\t<p><span class=\"wpcf7-form-control-wrap\" data-name=\"acceptance-396\"><span class=\"wpcf7-form-control wpcf7-acceptance\"><span class=\"wpcf7-list-item\"><label><input type=\"checkbox\" name=\"acceptance-396\" value=\"1\" aria-invalid=\"false\" \/><span class=\"wpcf7-list-item-label\">Accepto les <a href=\"https:\/\/openmet-xc.whads.com\/ca\/politica-de-privacitat\/\" target=\"_blank\" rel=\"noopener\">pol\u00edtiques de privacitat<\/a> i <a href=\"https:\/\/openmet-xc.whads.com\/ca\/politica-de-cookies\/\" target=\"_blank\" rel=\"noopener\">cookies<\/a><\/div><\/span><\/label><\/span><\/span><\/span>\n\t<\/p>\n\t<div class=\"submit-form\">\n\t\t<p><input class=\"wpcf7-form-control wpcf7-submit has-spinner\" type=\"submit\" value=\"Enviar\" \/>\n\t\t<\/p>\n\t<\/div>\n<\/div><div class=\"wpcf7-response-output\" aria-hidden=\"true\"><\/div>\n<\/form>\n<\/div>\n\n\n\n\n<div style=\"height:100px\" aria-hidden=\"true\" class=\"wp-block-spacer\"><\/div>\n\n\n\n<div class=\"wp-block-group\"><div class=\"wp-block-group__inner-container is-layout-flow wp-block-group-is-layout-flow\">\n<h2 class=\"wp-block-heading display-3\">Des de pimes a grans empreses<\/h2>\n\n\n\n<p class=\"has-text-align-left alignleft has-text-color\" style=\"color:#999999\">centenars d&#8217;empreses confien en Openmet per a <strong>avaluar, analitzar, millorar i expandir<\/strong> els seus negocis. <\/p>\n\n\n\n<div class=\"wp-block-buttons is-layout-flex wp-block-buttons-is-layout-flex\">\n<div class=\"wp-block-button has-custom-font-size chevron-right has-small-font-size\"><a class=\"wp-block-button__link has-white-color has-text-color has-background wp-element-button\" href=\"\/ca\/clients\/\" style=\"background-color:#0d99cc\">veure-les totes<\/a><\/div>\n<\/div>\n<\/div><\/div>\n\n\n\n<div style=\"height:1px\" aria-hidden=\"true\" class=\"wp-block-spacer\"><\/div>\n\n\n\n<div class=\"wp-block-getwid-images-slider has-arrows-none has-dots-outside is-carousel has-slides-gap-normal has-images-center has-fitted-images\"><div class=\"wp-block-getwid-images-slider__wrapper\" data-effect=\"slide\" data-slides-show=\"10\" data-slides-show-laptop=\"4\" data-slides-show-tablet=\"6\" data-slides-show-mobile=\"3\" data-slides-scroll=\"1\" data-autoplay=\"true\" data-autoplay-speed=\"1000\" data-infinite=\"true\" data-animation-speed=\"800\" data-center-mode=\"false\" data-variable-width=\"false\" data-arrows=\"none\" data-dots=\"outside\" data-spacing=\"normal\"><div class=\"wp-block-getwid-images-slider__item\"><figure><img decoding=\"async\" width=\"225\" height=\"225\" src=\"https:\/\/openmet-xc.whads.com\/wp-content\/uploads\/2021\/11\/bbraun.png\" alt=\"bbraun\" data-id=\"15615\" data-link=\"https:\/\/openmet-xc.whads.com\/bbraun\/\" data-original-link=\"https:\/\/openmet-xc.whads.com\/wp-content\/uploads\/2021\/11\/bbraun.png\" class=\"wp-block-getwid-images-slider__image wp-image-15615\" srcset=\"https:\/\/openmet-xc.whads.com\/wp-content\/uploads\/2021\/11\/bbraun.png 225w, https:\/\/openmet-xc.whads.com\/wp-content\/uploads\/2021\/11\/bbraun-150x150.png 150w, https:\/\/openmet-xc.whads.com\/wp-content\/uploads\/2021\/11\/bbraun-120x120.png 120w\" sizes=\"(max-width: 225px) 100vw, 225px\" \/><\/figure><\/div><div class=\"wp-block-getwid-images-slider__item\"><figure><img decoding=\"async\" width=\"225\" height=\"225\" src=\"https:\/\/openmet-xc.whads.com\/wp-content\/uploads\/2021\/11\/canariense.png\" alt=\"canariense\" data-id=\"15621\" data-link=\"https:\/\/openmet-xc.whads.com\/canariense\/\" data-original-link=\"https:\/\/openmet-xc.whads.com\/wp-content\/uploads\/2021\/11\/canariense.png\" class=\"wp-block-getwid-images-slider__image wp-image-15621\" srcset=\"https:\/\/openmet-xc.whads.com\/wp-content\/uploads\/2021\/11\/canariense.png 225w, https:\/\/openmet-xc.whads.com\/wp-content\/uploads\/2021\/11\/canariense-150x150.png 150w, https:\/\/openmet-xc.whads.com\/wp-content\/uploads\/2021\/11\/canariense-120x120.png 120w\" sizes=\"(max-width: 225px) 100vw, 225px\" \/><\/figure><\/div><div class=\"wp-block-getwid-images-slider__item\"><figure><img decoding=\"async\" width=\"225\" height=\"225\" src=\"https:\/\/openmet-xc.whads.com\/wp-content\/uploads\/2021\/11\/grupo-antolin.png\" alt=\"grupo anotlin\" data-id=\"15648\" data-link=\"https:\/\/openmet-xc.whads.com\/grupo-antolin-2\/\" data-original-link=\"https:\/\/openmet-xc.whads.com\/wp-content\/uploads\/2021\/11\/grupo-antolin.png\" class=\"wp-block-getwid-images-slider__image wp-image-15648\" srcset=\"https:\/\/openmet-xc.whads.com\/wp-content\/uploads\/2021\/11\/grupo-antolin.png 225w, https:\/\/openmet-xc.whads.com\/wp-content\/uploads\/2021\/11\/grupo-antolin-150x150.png 150w, https:\/\/openmet-xc.whads.com\/wp-content\/uploads\/2021\/11\/grupo-antolin-120x120.png 120w\" sizes=\"(max-width: 225px) 100vw, 225px\" \/><\/figure><\/div><div class=\"wp-block-getwid-images-slider__item\"><figure><img decoding=\"async\" width=\"225\" height=\"225\" src=\"https:\/\/openmet-xc.whads.com\/wp-content\/uploads\/2021\/11\/hispasat.png\" alt=\"hispasat\" data-id=\"15654\" data-link=\"https:\/\/openmet-xc.whads.com\/hispasat-3\/\" data-original-link=\"https:\/\/openmet-xc.whads.com\/wp-content\/uploads\/2021\/11\/hispasat.png\" class=\"wp-block-getwid-images-slider__image wp-image-15654\" srcset=\"https:\/\/openmet-xc.whads.com\/wp-content\/uploads\/2021\/11\/hispasat.png 225w, https:\/\/openmet-xc.whads.com\/wp-content\/uploads\/2021\/11\/hispasat-150x150.png 150w, https:\/\/openmet-xc.whads.com\/wp-content\/uploads\/2021\/11\/hispasat-120x120.png 120w\" sizes=\"(max-width: 225px) 100vw, 225px\" \/><\/figure><\/div><div class=\"wp-block-getwid-images-slider__item\"><figure><img decoding=\"async\" width=\"225\" height=\"225\" src=\"https:\/\/openmet-xc.whads.com\/wp-content\/uploads\/2021\/11\/kiloutou.png\" alt=\"kiloutou\" data-id=\"15660\" data-link=\"https:\/\/openmet-xc.whads.com\/kiloutou\/\" data-original-link=\"https:\/\/openmet-xc.whads.com\/wp-content\/uploads\/2021\/11\/kiloutou.png\" class=\"wp-block-getwid-images-slider__image wp-image-15660\" srcset=\"https:\/\/openmet-xc.whads.com\/wp-content\/uploads\/2021\/11\/kiloutou.png 225w, https:\/\/openmet-xc.whads.com\/wp-content\/uploads\/2021\/11\/kiloutou-150x150.png 150w, https:\/\/openmet-xc.whads.com\/wp-content\/uploads\/2021\/11\/kiloutou-120x120.png 120w\" sizes=\"(max-width: 225px) 100vw, 225px\" \/><\/figure><\/div><div class=\"wp-block-getwid-images-slider__item\"><figure><img decoding=\"async\" width=\"225\" height=\"225\" src=\"https:\/\/openmet-xc.whads.com\/wp-content\/uploads\/2021\/11\/once.png\" alt=\"once\" data-id=\"15681\" data-link=\"https:\/\/openmet-xc.whads.com\/once\/\" data-original-link=\"https:\/\/openmet-xc.whads.com\/wp-content\/uploads\/2021\/11\/once.png\" class=\"wp-block-getwid-images-slider__image wp-image-15681\" srcset=\"https:\/\/openmet-xc.whads.com\/wp-content\/uploads\/2021\/11\/once.png 225w, https:\/\/openmet-xc.whads.com\/wp-content\/uploads\/2021\/11\/once-150x150.png 150w, https:\/\/openmet-xc.whads.com\/wp-content\/uploads\/2021\/11\/once-120x120.png 120w\" sizes=\"(max-width: 225px) 100vw, 225px\" \/><\/figure><\/div><div class=\"wp-block-getwid-images-slider__item\"><figure><img decoding=\"async\" width=\"225\" height=\"225\" src=\"https:\/\/openmet-xc.whads.com\/wp-content\/uploads\/2021\/11\/port-aventura.png\" alt=\"port aventura\" data-id=\"15690\" data-link=\"https:\/\/openmet-xc.whads.com\/port-aventura\/\" data-original-link=\"https:\/\/openmet-xc.whads.com\/wp-content\/uploads\/2021\/11\/port-aventura.png\" class=\"wp-block-getwid-images-slider__image wp-image-15690\" srcset=\"https:\/\/openmet-xc.whads.com\/wp-content\/uploads\/2021\/11\/port-aventura.png 225w, https:\/\/openmet-xc.whads.com\/wp-content\/uploads\/2021\/11\/port-aventura-150x150.png 150w, https:\/\/openmet-xc.whads.com\/wp-content\/uploads\/2021\/11\/port-aventura-120x120.png 120w\" sizes=\"(max-width: 225px) 100vw, 225px\" \/><\/figure><\/div><div class=\"wp-block-getwid-images-slider__item\"><figure><img decoding=\"async\" width=\"225\" height=\"225\" src=\"https:\/\/openmet-xc.whads.com\/wp-content\/uploads\/2021\/11\/save-the-children.png\" alt=\"save the children\" data-id=\"15696\" data-link=\"https:\/\/openmet-xc.whads.com\/save-the-children\/\" data-original-link=\"https:\/\/openmet-xc.whads.com\/wp-content\/uploads\/2021\/11\/save-the-children.png\" class=\"wp-block-getwid-images-slider__image wp-image-15696\" srcset=\"https:\/\/openmet-xc.whads.com\/wp-content\/uploads\/2021\/11\/save-the-children.png 225w, https:\/\/openmet-xc.whads.com\/wp-content\/uploads\/2021\/11\/save-the-children-150x150.png 150w, https:\/\/openmet-xc.whads.com\/wp-content\/uploads\/2021\/11\/save-the-children-120x120.png 120w\" sizes=\"(max-width: 225px) 100vw, 225px\" \/><\/figure><\/div><div class=\"wp-block-getwid-images-slider__item\"><figure><img decoding=\"async\" width=\"225\" height=\"225\" src=\"https:\/\/openmet-xc.whads.com\/wp-content\/uploads\/2021\/11\/tke.png\" alt=\"tke\" data-id=\"15726\" data-link=\"https:\/\/openmet-xc.whads.com\/tke\/\" data-original-link=\"https:\/\/openmet-xc.whads.com\/wp-content\/uploads\/2021\/11\/tke.png\" class=\"wp-block-getwid-images-slider__image wp-image-15726\" srcset=\"https:\/\/openmet-xc.whads.com\/wp-content\/uploads\/2021\/11\/tke.png 225w, https:\/\/openmet-xc.whads.com\/wp-content\/uploads\/2021\/11\/tke-150x150.png 150w, https:\/\/openmet-xc.whads.com\/wp-content\/uploads\/2021\/11\/tke-120x120.png 120w\" sizes=\"(max-width: 225px) 100vw, 225px\" \/><\/figure><\/div><div class=\"wp-block-getwid-images-slider__item\"><figure><img decoding=\"async\" width=\"225\" height=\"225\" src=\"https:\/\/openmet-xc.whads.com\/wp-content\/uploads\/2021\/11\/vall-hebron.png\" alt=\"vall hebron\" data-id=\"15711\" data-link=\"https:\/\/openmet-xc.whads.com\/vall-hebron-2\/\" data-original-link=\"https:\/\/openmet-xc.whads.com\/wp-content\/uploads\/2021\/11\/vall-hebron.png\" class=\"wp-block-getwid-images-slider__image wp-image-15711\" srcset=\"https:\/\/openmet-xc.whads.com\/wp-content\/uploads\/2021\/11\/vall-hebron.png 225w, https:\/\/openmet-xc.whads.com\/wp-content\/uploads\/2021\/11\/vall-hebron-150x150.png 150w, https:\/\/openmet-xc.whads.com\/wp-content\/uploads\/2021\/11\/vall-hebron-120x120.png 120w\" sizes=\"(max-width: 225px) 100vw, 225px\" \/><\/figure><\/div><\/div><\/div>\n\n\n\n<div class=\"wp-block-getwid-advanced-spacer\" style=\"height:40px\" aria-hidden=\"true\"><\/div>\n\n\n\n<hr class=\"wp-block-separator has-text-color has-background is-style-default alignwide\" style=\"background-color:#999999;color:#999999\"\/>\n\n\n\n<div class=\"wp-block-getwid-advanced-spacer\" style=\"height:40px\" aria-hidden=\"true\"><\/div>\n\n\n\n<div class=\"wp-block-group mb-2 animated fadeInUp\"><div class=\"wp-block-group__inner-container is-layout-flow wp-block-group-is-layout-flow\">\n<h2 class=\"wp-block-heading display-3\">Blog<\/h2>\n\n\n\n<p class=\"has-text-align-left alignleft has-text-color\" style=\"color:#999999\">Si vols con\u00e8ixer m\u00e9s, a Openmet Group redactem articles propis per ajudar-te a fer cr\u00e9ixer el teu negoci <\/p>\n\n\n\n<div class=\"wp-block-buttons is-layout-flex wp-block-buttons-is-layout-flex\">\n<div class=\"wp-block-button has-custom-font-size chevron-right has-small-font-size\"><a class=\"wp-block-button__link has-white-color has-text-color has-background wp-element-button\" href=\"\/ca\/blog\" style=\"background-color:#0d99cc\">veure-ho tot<\/a><\/div>\n<\/div>\n<\/div><\/div>\n\n\n\n<div class=\"wp-block-getwid-advanced-spacer\" style=\"height:10px\" aria-hidden=\"true\"><\/div>\n\n\n        <div class=\"wp-block-getwid-custom-post-type custom-post-type-post has-layout-grid has-spacing-normal\">\n            <div class=\"wp-block-getwid-custom-post-type__wrapper getwid-columns getwid-columns-3\">\n                \t\t\t\t\t\t\t\t<div class='wp-block-getwid-custom-post-type__post'>\n\t\t\t\t\t\t\t\t\t\n<div class=\"wp-block-group blog-post-grid\"><div class=\"wp-block-group__inner-container is-layout-flow wp-block-group-is-layout-flow\">\n<div class=\"wp-block-getwid-template-post-featured-image aligncenter\" >\n            <a href=\"https:\/\/openmet-xc.whads.com\/ca\/calcul-nps-2025\/\">\n        <img decoding=\"async\" width=\"640\" height=\"427\" src=\"https:\/\/openmet-xc.whads.com\/wp-content\/uploads\/2025\/10\/13862365_5370010-768x512.jpg\" class=\"attachment-medium_large size-medium_large wp-post-image\" alt=\"Guia completa de l\u2019NPS: com calcular-lo i interpretar-lo\" srcset=\"https:\/\/openmet-xc.whads.com\/wp-content\/uploads\/2025\/10\/13862365_5370010-768x512.jpg 768w, https:\/\/openmet-xc.whads.com\/wp-content\/uploads\/2025\/10\/13862365_5370010-300x200.jpg 300w, https:\/\/openmet-xc.whads.com\/wp-content\/uploads\/2025\/10\/13862365_5370010-1024x683.jpg 1024w, https:\/\/openmet-xc.whads.com\/wp-content\/uploads\/2025\/10\/13862365_5370010-1536x1024.jpg 1536w, https:\/\/openmet-xc.whads.com\/wp-content\/uploads\/2025\/10\/13862365_5370010-2048x1365.jpg 2048w\" sizes=\"(max-width: 640px) 100vw, 640px\" \/>            <\/a>\n    <\/div>\n\n\n\n<h3 class=\"wp-block-getwid-template-post-title h4\"><a class=\"wp-block-getwid-template-post-title__link\" href=\"https:\/\/openmet-xc.whads.com\/ca\/calcul-nps-2025\/\">Guia completa de l\u2019NPS: com calcular-lo i interpretar-lo<\/a><\/h3>\n\n\n<div class=\"wp-block-getwid-template-post-meta has-direction-row\" >\n    \n\n<div class=\"wp-block-getwid-template-post-categories has-text-color\"  style=\"color:#999999;\" >\n        <a href=\"https:\/\/openmet-xc.whads.com\/ca\/category\/openmet-customersca\/\" rel=\"category tag\">Openmet Customers<\/a> <a href=\"https:\/\/openmet-xc.whads.com\/ca\/category\/satisfaccio-de-clients\/\" rel=\"category tag\">Satisfacci\u00f3 de Clients<\/a><\/div>\n<\/div>\n\n\n\n<div class=\"wp-block-getwid-template-post-content is-excerpt\" ><p>El Net Promoter Score (NPS) s\u2019ha convertit en una de les m\u00e8triques m\u00e9s utilitzades per mesurar la satisfacci\u00f3 i la lleialtat dels clients. La seva simplicitat i capacitat per oferir&hellip;<\/p><\/div>\n\n\n\n<p><\/p>\n<\/div><\/div>\n\t\t\t\t\t\t\t\t<\/div>\n\t\t\t\t\t\t\t\t\t\t\t\t\t\t\t<div class='wp-block-getwid-custom-post-type__post'>\n\t\t\t\t\t\t\t\t\t\n<div class=\"wp-block-group blog-post-grid\"><div class=\"wp-block-group__inner-container is-layout-flow wp-block-group-is-layout-flow\">\n<div class=\"wp-block-getwid-template-post-featured-image aligncenter\" >\n            <a href=\"https:\/\/openmet-xc.whads.com\/ca\/maximitza-impacte-positiu-enquestes-satisfaccio-clients\/\">\n        <img decoding=\"async\" width=\"640\" height=\"364\" src=\"https:\/\/openmet-xc.whads.com\/wp-content\/uploads\/2023\/11\/maximitza-enquestes-satisfaccio-clients.png\" class=\"attachment-medium_large size-medium_large wp-post-image\" alt=\"Maximitza l&#8217;impacte positiu de les enquestes de satisfacci\u00f3 de clients\" srcset=\"https:\/\/openmet-xc.whads.com\/wp-content\/uploads\/2023\/11\/maximitza-enquestes-satisfaccio-clients.png 768w, https:\/\/openmet-xc.whads.com\/wp-content\/uploads\/2023\/11\/maximitza-enquestes-satisfaccio-clients-300x171.png 300w\" sizes=\"(max-width: 640px) 100vw, 640px\" \/>            <\/a>\n    <\/div>\n\n\n\n<h3 class=\"wp-block-getwid-template-post-title h4\"><a class=\"wp-block-getwid-template-post-title__link\" href=\"https:\/\/openmet-xc.whads.com\/ca\/maximitza-impacte-positiu-enquestes-satisfaccio-clients\/\">Maximitza l&#8217;impacte positiu de les enquestes de satisfacci\u00f3 de clients<\/a><\/h3>\n\n\n<div class=\"wp-block-getwid-template-post-meta has-direction-row\" >\n    \n\n<div class=\"wp-block-getwid-template-post-categories has-text-color\"  style=\"color:#999999;\" >\n        <a href=\"https:\/\/openmet-xc.whads.com\/ca\/category\/openmet-customersca\/\" rel=\"category tag\">Openmet Customers<\/a> <a href=\"https:\/\/openmet-xc.whads.com\/ca\/category\/satisfaccio-de-clients\/\" rel=\"category tag\">Satisfacci\u00f3 de Clients<\/a><\/div>\n<\/div>\n\n\n\n<div class=\"wp-block-getwid-template-post-content is-excerpt\" ><p>Des de fa anys, la satisfacci\u00f3 dels clients s&#8217;ha convertit en un pilar fonamental per a l&#8217;\u00e8xit de les empreses. Els clients satisfets no nom\u00e9s repeteixen, sin\u00f3 que tamb\u00e9 recomanen&hellip;<\/p><\/div>\n\n\n\n<p><\/p>\n<\/div><\/div>\n\t\t\t\t\t\t\t\t<\/div>\n\t\t\t\t\t\t\t\t\t\t\t\t\t\t\t<div class='wp-block-getwid-custom-post-type__post'>\n\t\t\t\t\t\t\t\t\t\n<div class=\"wp-block-group blog-post-grid\"><div class=\"wp-block-group__inner-container is-layout-flow wp-block-group-is-layout-flow\">\n<div class=\"wp-block-getwid-template-post-featured-image aligncenter\" >\n            <a href=\"https:\/\/openmet-xc.whads.com\/ca\/convertir-clients-detractors-en-oportunitats-exit-empresa\/\">\n        <img decoding=\"async\" width=\"640\" height=\"364\" src=\"https:\/\/openmet-xc.whads.com\/wp-content\/uploads\/2023\/02\/detractors-empresa.png\" class=\"attachment-medium_large size-medium_large wp-post-image\" alt=\"Com convertir els clients detractors en oportunitats per a l&#8217;\u00e8xit de l&#8217;empresa\" srcset=\"https:\/\/openmet-xc.whads.com\/wp-content\/uploads\/2023\/02\/detractors-empresa.png 768w, https:\/\/openmet-xc.whads.com\/wp-content\/uploads\/2023\/02\/detractors-empresa-300x171.png 300w\" sizes=\"(max-width: 640px) 100vw, 640px\" \/>            <\/a>\n    <\/div>\n\n\n\n<h3 class=\"wp-block-getwid-template-post-title h4\"><a class=\"wp-block-getwid-template-post-title__link\" href=\"https:\/\/openmet-xc.whads.com\/ca\/convertir-clients-detractors-en-oportunitats-exit-empresa\/\">Com convertir els clients detractors en oportunitats per a l&#8217;\u00e8xit de l&#8217;empresa<\/a><\/h3>\n\n\n<div class=\"wp-block-getwid-template-post-meta has-direction-row\" >\n    \n\n<div class=\"wp-block-getwid-template-post-categories has-text-color\"  style=\"color:#999999;\" >\n        <a href=\"https:\/\/openmet-xc.whads.com\/ca\/category\/openmet-customersca\/\" rel=\"category tag\">Openmet Customers<\/a> <a href=\"https:\/\/openmet-xc.whads.com\/ca\/category\/satisfaccio-de-clients\/\" rel=\"category tag\">Satisfacci\u00f3 de Clients<\/a><\/div>\n<\/div>\n\n\n\n<div class=\"wp-block-getwid-template-post-content is-excerpt\" ><p>La majoria de projectes d\u2019experi\u00e8ncia i satisfacci\u00f3 de client realitzats per Openmet inclouen una pregunta NPS, que classifica els clients en detractors, passius i promotors.En aquest article ens volem centrar&hellip;<\/p><\/div>\n\n\n\n<p><\/p>\n<\/div><\/div>\n\t\t\t\t\t\t\t\t<\/div>\n\t\t\t\t\t\t\t            <\/div>\n\n                    <\/div>\n        \n\n\n<div style=\"height:100px\" aria-hidden=\"true\" class=\"wp-block-spacer\"><\/div>\n","protected":false},"excerpt":{"rendered":"<p>&#8230;<\/p>\n<p><a class=\"openmet-read-more-link\" href=\"https:\/\/openmet-xc.whads.com\/ca\/contacta\/\">Llegir m\u00e9s<\/a><\/p>\n","protected":false},"author":7,"featured_media":0,"parent":0,"menu_order":65,"comment_status":"open","ping_status":"closed","template":"","meta":{"inline_featured_image":false,"ub_ctt_via":"","footnotes":""},"class_list":["post-14951","page","type-page","status-publish","hentry"],"featured_image_src":null,"_links":{"self":[{"href":"https:\/\/openmet-xc.whads.com\/ca\/wp-json\/wp\/v2\/pages\/14951","targetHints":{"allow":["GET"]}}],"collection":[{"href":"https:\/\/openmet-xc.whads.com\/ca\/wp-json\/wp\/v2\/pages"}],"about":[{"href":"https:\/\/openmet-xc.whads.com\/ca\/wp-json\/wp\/v2\/types\/page"}],"author":[{"embeddable":true,"href":"https:\/\/openmet-xc.whads.com\/ca\/wp-json\/wp\/v2\/users\/7"}],"replies":[{"embeddable":true,"href":"https:\/\/openmet-xc.whads.com\/ca\/wp-json\/wp\/v2\/comments?post=14951"}],"version-history":[{"count":10,"href":"https:\/\/openmet-xc.whads.com\/ca\/wp-json\/wp\/v2\/pages\/14951\/revisions"}],"predecessor-version":[{"id":16386,"href":"https:\/\/openmet-xc.whads.com\/ca\/wp-json\/wp\/v2\/pages\/14951\/revisions\/16386"}],"wp:attachment":[{"href":"https:\/\/openmet-xc.whads.com\/ca\/wp-json\/wp\/v2\/media?parent=14951"}],"curies":[{"name":"wp","href":"https:\/\/api.w.org\/{rel}","templated":true}]}}